{"id":993,"date":"2021-09-09T23:09:55","date_gmt":"2021-09-10T02:09:55","guid":{"rendered":"https:\/\/prevconsul.com.br\/?page_id=993"},"modified":"2021-09-09T23:09:56","modified_gmt":"2021-09-10T02:09:56","slug":"aposentadoria-por-invalidez","status":"publish","type":"page","link":"https:\/\/prevconsul.com.br\/index.php\/aposentadoria-por-invalidez\/","title":{"rendered":"Aposentadoria por Invalidez"},"content":{"rendered":"\n<p>A aposentadoria por invalidez \u00e9 um benef\u00edcio previdenci\u00e1rio concedido ao segurado que, apresentam invalidez permanente causada ou n\u00e3o por atividade laboral. O segurado que cumprir os requisitos da Aposentadoria por Invalidez, ou seja, que cumpra a car\u00eancia m\u00ednima e tenha sido acometido de alguma incapacidade que o impossibilite para o trabalho tem direito a receber este benef\u00edcio.<\/p>\n<!-- AddThis Advanced Settings generic via filter on the_content --><!-- AddThis Share Buttons generic via filter on the_content -->","protected":false},"excerpt":{"rendered":"<p>A aposentadoria por invalidez \u00e9 um benef\u00edcio previdenci\u00e1rio concedido ao segurado que, apresentam invalidez permanente causada ou n\u00e3o por atividade laboral. O segurado que cumprir os requisitos da Aposentadoria por Invalidez, ou seja, que cumpra a car\u00eancia m\u00ednima e tenha sido acometido de alguma incapacidade que o impossibilite para o trabalho tem direito a receber [&hellip;]<!-- AddThis Advanced Settings generic via filter on get_the_excerpt --><!-- AddThis Share Buttons generic via filter on get_the_excerpt --><\/p>\n","protected":false},"author":1,"featured_media":0,"parent":0,"menu_order":0,"comment_status":"closed","ping_status":"closed","template":"","meta":{"om_disable_all_campaigns":false,"_monsterinsights_skip_tracking":false,"_monsterinsights_sitenote_active":false,"_monsterinsights_sitenote_note":"","_monsterinsights_sitenote_category":0},"_links":{"self":[{"href":"https:\/\/prevconsul.com.br\/index.php\/wp-json\/wp\/v2\/pages\/993"}],"collection":[{"href":"https:\/\/prevconsul.com.br\/index.php\/wp-json\/wp\/v2\/pages"}],"about":[{"href":"https:\/\/prevconsul.com.br\/index.php\/wp-json\/wp\/v2\/types\/page"}],"author":[{"embeddable":true,"href":"https:\/\/prevconsul.com.br\/index.php\/wp-json\/wp\/v2\/users\/1"}],"replies":[{"embeddable":true,"href":"https:\/\/prevconsul.com.br\/index.php\/wp-json\/wp\/v2\/comments?post=993"}],"version-history":[{"count":1,"href":"https:\/\/prevconsul.com.br\/index.php\/wp-json\/wp\/v2\/pages\/993\/revisions"}],"predecessor-version":[{"id":994,"href":"https:\/\/prevconsul.com.br\/index.php\/wp-json\/wp\/v2\/pages\/993\/revisions\/994"}],"wp:attachment":[{"href":"https:\/\/prevconsul.com.br\/index.php\/wp-json\/wp\/v2\/media?parent=993"}],"curies":[{"name":"wp","href":"https:\/\/api.w.org\/{rel}","templated":true}]}}