{"id":984,"date":"2021-09-09T23:08:02","date_gmt":"2021-09-10T02:08:02","guid":{"rendered":"https:\/\/prevconsul.com.br\/?page_id=984"},"modified":"2021-09-09T23:08:03","modified_gmt":"2021-09-10T02:08:03","slug":"revisao-de-aposentadoria-2","status":"publish","type":"page","link":"https:\/\/prevconsul.com.br\/index.php\/revisao-de-aposentadoria-2\/","title":{"rendered":"Revis\u00e3o de Aposentadoria"},"content":{"rendered":"\n<p>A a\u00e7\u00e3o revisional de aposentadoria \u00e9 um direito do segurado a solicitar a revis\u00e3o do seu benef\u00edcio previdenci\u00e1rio. Essa revis\u00e3o traz a possibilidade do aumento de renda. \u00c9 muito comum ver o INSS errar o c\u00e1lculo das aposentadorias e estes erros podem reduzir bastante o valor do seu benef\u00edcio. A revis\u00e3o de aposentadoria \u00e9 uma solu\u00e7\u00e3o em que o aposentado que recebeu um valor abaixo do valor devido possa aument\u00e1-lo.<\/p>\n<!-- AddThis Advanced Settings generic via filter on the_content --><!-- AddThis Share Buttons generic via filter on the_content -->","protected":false},"excerpt":{"rendered":"<p>A a\u00e7\u00e3o revisional de aposentadoria \u00e9 um direito do segurado a solicitar a revis\u00e3o do seu benef\u00edcio previdenci\u00e1rio. Essa revis\u00e3o traz a possibilidade do aumento de renda. \u00c9 muito comum ver o INSS errar o c\u00e1lculo das aposentadorias e estes erros podem reduzir bastante o valor do seu benef\u00edcio. A revis\u00e3o de aposentadoria \u00e9 uma [&hellip;]<!-- AddThis Advanced Settings generic via filter on get_the_excerpt --><!-- AddThis Share Buttons generic via filter on get_the_excerpt --><\/p>\n","protected":false},"author":1,"featured_media":0,"parent":0,"menu_order":0,"comment_status":"closed","ping_status":"closed","template":"","meta":{"om_disable_all_campaigns":false,"_monsterinsights_skip_tracking":false,"_monsterinsights_sitenote_active":false,"_monsterinsights_sitenote_note":"","_monsterinsights_sitenote_category":0},"_links":{"self":[{"href":"https:\/\/prevconsul.com.br\/index.php\/wp-json\/wp\/v2\/pages\/984"}],"collection":[{"href":"https:\/\/prevconsul.com.br\/index.php\/wp-json\/wp\/v2\/pages"}],"about":[{"href":"https:\/\/prevconsul.com.br\/index.php\/wp-json\/wp\/v2\/types\/page"}],"author":[{"embeddable":true,"href":"https:\/\/prevconsul.com.br\/index.php\/wp-json\/wp\/v2\/users\/1"}],"replies":[{"embeddable":true,"href":"https:\/\/prevconsul.com.br\/index.php\/wp-json\/wp\/v2\/comments?post=984"}],"version-history":[{"count":1,"href":"https:\/\/prevconsul.com.br\/index.php\/wp-json\/wp\/v2\/pages\/984\/revisions"}],"predecessor-version":[{"id":985,"href":"https:\/\/prevconsul.com.br\/index.php\/wp-json\/wp\/v2\/pages\/984\/revisions\/985"}],"wp:attachment":[{"href":"https:\/\/prevconsul.com.br\/index.php\/wp-json\/wp\/v2\/media?parent=984"}],"curies":[{"name":"wp","href":"https:\/\/api.w.org\/{rel}","templated":true}]}}