{"id":932,"date":"2021-09-01T21:43:01","date_gmt":"2021-09-02T00:43:01","guid":{"rendered":"https:\/\/prevconsul.com.br\/?page_id=932"},"modified":"2021-09-01T21:43:02","modified_gmt":"2021-09-02T00:43:02","slug":"salario-maternidade","status":"publish","type":"page","link":"https:\/\/prevconsul.com.br\/index.php\/salario-maternidade\/","title":{"rendered":"Sal\u00e1rio Maternidade"},"content":{"rendered":"\n<p>O sal\u00e1rio maternidade \u00e9 um dos benef\u00edcios mais solicitados \u00e0 Previd\u00eancia. Este \u00e9 um benef\u00edcio previdenci\u00e1rio a ser pago assegurado do Regime Geral de Previd\u00eancia Social para m\u00e3es que tiveram filhos inclusive nos casos de natimorto, aborto n\u00e3o criminoso, ado\u00e7\u00e3o ou guarda judicial para fins de ado\u00e7\u00e3o. Tamb\u00e9m tem direito as m\u00e3es desempregadas, que estavam na qualidade de segurada na data do parto.<\/p>\n<!-- AddThis Advanced Settings generic via filter on the_content --><!-- AddThis Share Buttons generic via filter on the_content -->","protected":false},"excerpt":{"rendered":"<p>O sal\u00e1rio maternidade \u00e9 um dos benef\u00edcios mais solicitados \u00e0 Previd\u00eancia. Este \u00e9 um benef\u00edcio previdenci\u00e1rio a ser pago assegurado do Regime Geral de Previd\u00eancia Social para m\u00e3es que tiveram filhos inclusive nos casos de natimorto, aborto n\u00e3o criminoso, ado\u00e7\u00e3o ou guarda judicial para fins de ado\u00e7\u00e3o. Tamb\u00e9m tem direito as m\u00e3es desempregadas, que estavam [&hellip;]<!-- AddThis Advanced Settings generic via filter on get_the_excerpt --><!-- AddThis Share Buttons generic via filter on get_the_excerpt --><\/p>\n","protected":false},"author":1,"featured_media":0,"parent":0,"menu_order":0,"comment_status":"closed","ping_status":"closed","template":"","meta":{"om_disable_all_campaigns":false,"_monsterinsights_skip_tracking":false,"_monsterinsights_sitenote_active":false,"_monsterinsights_sitenote_note":"","_monsterinsights_sitenote_category":0},"_links":{"self":[{"href":"https:\/\/prevconsul.com.br\/index.php\/wp-json\/wp\/v2\/pages\/932"}],"collection":[{"href":"https:\/\/prevconsul.com.br\/index.php\/wp-json\/wp\/v2\/pages"}],"about":[{"href":"https:\/\/prevconsul.com.br\/index.php\/wp-json\/wp\/v2\/types\/page"}],"author":[{"embeddable":true,"href":"https:\/\/prevconsul.com.br\/index.php\/wp-json\/wp\/v2\/users\/1"}],"replies":[{"embeddable":true,"href":"https:\/\/prevconsul.com.br\/index.php\/wp-json\/wp\/v2\/comments?post=932"}],"version-history":[{"count":1,"href":"https:\/\/prevconsul.com.br\/index.php\/wp-json\/wp\/v2\/pages\/932\/revisions"}],"predecessor-version":[{"id":933,"href":"https:\/\/prevconsul.com.br\/index.php\/wp-json\/wp\/v2\/pages\/932\/revisions\/933"}],"wp:attachment":[{"href":"https:\/\/prevconsul.com.br\/index.php\/wp-json\/wp\/v2\/media?parent=932"}],"curies":[{"name":"wp","href":"https:\/\/api.w.org\/{rel}","templated":true}]}}