{"id":923,"date":"2021-09-01T21:41:07","date_gmt":"2021-09-02T00:41:07","guid":{"rendered":"https:\/\/prevconsul.com.br\/?page_id=923"},"modified":"2021-09-01T21:41:08","modified_gmt":"2021-09-02T00:41:08","slug":"pensao-por-morte","status":"publish","type":"page","link":"https:\/\/prevconsul.com.br\/index.php\/pensao-por-morte\/","title":{"rendered":"Pens\u00e3o por Morte"},"content":{"rendered":"\n<p>Aux\u00edlio destinado a dependentes de pessoas falecidas, aposentados e contribuintes.<br>Os dependentes que possuem esse direito s\u00e3o:<\/p>\n\n\n\n<ul><li>C\u00f4njuges ou companheiros;<\/li><li>Filhos at\u00e9 21 ou 24 anos ,se estudante universit\u00e1rio;<\/li><li>Filhos inv\u00e1lidos ( com comprova\u00e7\u00e3o da invalidez por laudo m\u00e9dico e per\u00edcia m\u00e9dica) ;<\/li><li>Pais (comprovar depend\u00eancia econ\u00f4mica);<\/li><li>Irm\u00e3os (comprovar depend\u00eancia econ\u00f4mica e ter menos de 21 anos, ou possuir alguma defici\u00eancia.<\/li><\/ul>\n<!-- AddThis Advanced Settings generic via filter on the_content --><!-- AddThis Share Buttons generic via filter on the_content -->","protected":false},"excerpt":{"rendered":"<p>Aux\u00edlio destinado a dependentes de pessoas falecidas, aposentados e contribuintes.Os dependentes que possuem esse direito s\u00e3o: C\u00f4njuges ou companheiros; Filhos at\u00e9 21 ou 24 anos ,se estudante universit\u00e1rio; Filhos inv\u00e1lidos ( com comprova\u00e7\u00e3o da invalidez por laudo m\u00e9dico e per\u00edcia m\u00e9dica) ; Pais (comprovar depend\u00eancia econ\u00f4mica); Irm\u00e3os (comprovar depend\u00eancia econ\u00f4mica e ter menos de 21 [&hellip;]<!-- AddThis Advanced Settings generic via filter on get_the_excerpt --><!-- AddThis Share Buttons generic via filter on get_the_excerpt --><\/p>\n","protected":false},"author":1,"featured_media":0,"parent":0,"menu_order":0,"comment_status":"closed","ping_status":"closed","template":"","meta":{"om_disable_all_campaigns":false,"_monsterinsights_skip_tracking":false,"_monsterinsights_sitenote_active":false,"_monsterinsights_sitenote_note":"","_monsterinsights_sitenote_category":0},"_links":{"self":[{"href":"https:\/\/prevconsul.com.br\/index.php\/wp-json\/wp\/v2\/pages\/923"}],"collection":[{"href":"https:\/\/prevconsul.com.br\/index.php\/wp-json\/wp\/v2\/pages"}],"about":[{"href":"https:\/\/prevconsul.com.br\/index.php\/wp-json\/wp\/v2\/types\/page"}],"author":[{"embeddable":true,"href":"https:\/\/prevconsul.com.br\/index.php\/wp-json\/wp\/v2\/users\/1"}],"replies":[{"embeddable":true,"href":"https:\/\/prevconsul.com.br\/index.php\/wp-json\/wp\/v2\/comments?post=923"}],"version-history":[{"count":1,"href":"https:\/\/prevconsul.com.br\/index.php\/wp-json\/wp\/v2\/pages\/923\/revisions"}],"predecessor-version":[{"id":924,"href":"https:\/\/prevconsul.com.br\/index.php\/wp-json\/wp\/v2\/pages\/923\/revisions\/924"}],"wp:attachment":[{"href":"https:\/\/prevconsul.com.br\/index.php\/wp-json\/wp\/v2\/media?parent=923"}],"curies":[{"name":"wp","href":"https:\/\/api.w.org\/{rel}","templated":true}]}}