{"id":908,"date":"2021-09-01T21:39:08","date_gmt":"2021-09-02T00:39:08","guid":{"rendered":"https:\/\/prevconsul.com.br\/?page_id=908"},"modified":"2021-09-01T21:39:08","modified_gmt":"2021-09-02T00:39:08","slug":"aposentadoria-por-idade","status":"publish","type":"page","link":"https:\/\/prevconsul.com.br\/index.php\/aposentadoria-por-idade\/","title":{"rendered":"Aposentadoria por Idade"},"content":{"rendered":"\n<p>A aposentadoria por idade \u00e9 um benef\u00edcio que garante a concess\u00e3o da prote\u00e7\u00e3o previdenci\u00e1ria ao segurado que completar 65 anos, se homem ou 62 anos, se mulher.<\/p>\n<!-- AddThis Advanced Settings generic via filter on the_content --><!-- AddThis Share Buttons generic via filter on the_content -->","protected":false},"excerpt":{"rendered":"<p>A aposentadoria por idade \u00e9 um benef\u00edcio que garante a concess\u00e3o da prote\u00e7\u00e3o previdenci\u00e1ria ao segurado que completar 65 anos, se homem ou 62 anos, se mulher.<!-- AddThis Advanced Settings generic via filter on get_the_excerpt --><!-- AddThis Share Buttons generic via filter on get_the_excerpt --><\/p>\n","protected":false},"author":1,"featured_media":0,"parent":0,"menu_order":0,"comment_status":"closed","ping_status":"closed","template":"","meta":{"om_disable_all_campaigns":false,"_monsterinsights_skip_tracking":false,"_monsterinsights_sitenote_active":false,"_monsterinsights_sitenote_note":"","_monsterinsights_sitenote_category":0},"_links":{"self":[{"href":"https:\/\/prevconsul.com.br\/index.php\/wp-json\/wp\/v2\/pages\/908"}],"collection":[{"href":"https:\/\/prevconsul.com.br\/index.php\/wp-json\/wp\/v2\/pages"}],"about":[{"href":"https:\/\/prevconsul.com.br\/index.php\/wp-json\/wp\/v2\/types\/page"}],"author":[{"embeddable":true,"href":"https:\/\/prevconsul.com.br\/index.php\/wp-json\/wp\/v2\/users\/1"}],"replies":[{"embeddable":true,"href":"https:\/\/prevconsul.com.br\/index.php\/wp-json\/wp\/v2\/comments?post=908"}],"version-history":[{"count":1,"href":"https:\/\/prevconsul.com.br\/index.php\/wp-json\/wp\/v2\/pages\/908\/revisions"}],"predecessor-version":[{"id":909,"href":"https:\/\/prevconsul.com.br\/index.php\/wp-json\/wp\/v2\/pages\/908\/revisions\/909"}],"wp:attachment":[{"href":"https:\/\/prevconsul.com.br\/index.php\/wp-json\/wp\/v2\/media?parent=908"}],"curies":[{"name":"wp","href":"https:\/\/api.w.org\/{rel}","templated":true}]}}