{"id":582,"date":"2021-08-23T21:08:19","date_gmt":"2021-08-24T00:08:19","guid":{"rendered":"http:\/\/prevconsul.com.br\/?page_id=582"},"modified":"2021-08-23T21:08:19","modified_gmt":"2021-08-24T00:08:19","slug":"auxilio-acidente","status":"publish","type":"page","link":"https:\/\/prevconsul.com.br\/index.php\/auxilio-acidente\/","title":{"rendered":"Aux\u00edlio-Acidente"},"content":{"rendered":"\n<p>\u00c9 um beneficio para a pessoa que sofrer acidente e, apresentarem seq\u00fcelas definitivas que diminuam a sua capacidade para o trabalho. Essa situa\u00e7\u00e3o ser\u00e1 avaliada pela per\u00edcia m\u00e9dica do INSS. E este benef\u00edcio n\u00e3o impede a pessoa de continuar trabalhando, visto que trata-se de uma indeniza\u00e7\u00e3o.<br>Pode utilizar este servi\u00e7o o Segurado empregado (inclusive o dom\u00e9stico), o trabalhador avulso e o segurado especial.<\/p>\n<!-- AddThis Advanced Settings generic via filter on the_content --><!-- AddThis Share Buttons generic via filter on the_content -->","protected":false},"excerpt":{"rendered":"<p>\u00c9 um beneficio para a pessoa que sofrer acidente e, apresentarem seq\u00fcelas definitivas que diminuam a sua capacidade para o trabalho. Essa situa\u00e7\u00e3o ser\u00e1 avaliada pela per\u00edcia m\u00e9dica do INSS. E este benef\u00edcio n\u00e3o impede a pessoa de continuar trabalhando, visto que trata-se de uma indeniza\u00e7\u00e3o.Pode utilizar este servi\u00e7o o Segurado empregado (inclusive o dom\u00e9stico), [&hellip;]<!-- AddThis Advanced Settings generic via filter on get_the_excerpt --><!-- AddThis Share Buttons generic via filter on get_the_excerpt --><\/p>\n","protected":false},"author":1,"featured_media":0,"parent":0,"menu_order":0,"comment_status":"closed","ping_status":"closed","template":"","meta":{"om_disable_all_campaigns":false,"_monsterinsights_skip_tracking":false,"_monsterinsights_sitenote_active":false,"_monsterinsights_sitenote_note":"","_monsterinsights_sitenote_category":0},"_links":{"self":[{"href":"https:\/\/prevconsul.com.br\/index.php\/wp-json\/wp\/v2\/pages\/582"}],"collection":[{"href":"https:\/\/prevconsul.com.br\/index.php\/wp-json\/wp\/v2\/pages"}],"about":[{"href":"https:\/\/prevconsul.com.br\/index.php\/wp-json\/wp\/v2\/types\/page"}],"author":[{"embeddable":true,"href":"https:\/\/prevconsul.com.br\/index.php\/wp-json\/wp\/v2\/users\/1"}],"replies":[{"embeddable":true,"href":"https:\/\/prevconsul.com.br\/index.php\/wp-json\/wp\/v2\/comments?post=582"}],"version-history":[{"count":1,"href":"https:\/\/prevconsul.com.br\/index.php\/wp-json\/wp\/v2\/pages\/582\/revisions"}],"predecessor-version":[{"id":583,"href":"https:\/\/prevconsul.com.br\/index.php\/wp-json\/wp\/v2\/pages\/582\/revisions\/583"}],"wp:attachment":[{"href":"https:\/\/prevconsul.com.br\/index.php\/wp-json\/wp\/v2\/media?parent=582"}],"curies":[{"name":"wp","href":"https:\/\/api.w.org\/{rel}","templated":true}]}}