{"id":470,"date":"2021-08-20T18:31:19","date_gmt":"2021-08-20T21:31:19","guid":{"rendered":"http:\/\/prevconsul.com.br\/?page_id=470"},"modified":"2021-08-21T21:21:07","modified_gmt":"2021-08-22T00:21:07","slug":"bpc-loas","status":"publish","type":"page","link":"https:\/\/prevconsul.com.br\/index.php\/bpc-loas\/","title":{"rendered":"BPC-LOAS"},"content":{"rendered":"\n<p>Este, \u00e9 um benef\u00edcio que assegura pessoas com mais de 65 anos de idade, que vivem em estado de pobreza ou pessoas com defici\u00eancia f\u00edsica, intelectual e sensorial, com baixa renda.<\/p>\n<!-- AddThis Advanced Settings generic via filter on the_content --><!-- AddThis Share Buttons generic via filter on the_content -->","protected":false},"excerpt":{"rendered":"<p>Este, \u00e9 um benef\u00edcio que assegura pessoas com mais de 65 anos de idade, que vivem em estado de pobreza ou pessoas com defici\u00eancia f\u00edsica, intelectual e sensorial, com baixa renda.<!-- AddThis Advanced Settings generic via filter on get_the_excerpt --><!-- AddThis Share Buttons generic via filter on get_the_excerpt --><\/p>\n","protected":false},"author":1,"featured_media":0,"parent":0,"menu_order":0,"comment_status":"closed","ping_status":"closed","template":"","meta":{"om_disable_all_campaigns":false,"_monsterinsights_skip_tracking":false,"_monsterinsights_sitenote_active":false,"_monsterinsights_sitenote_note":"","_monsterinsights_sitenote_category":0},"_links":{"self":[{"href":"https:\/\/prevconsul.com.br\/index.php\/wp-json\/wp\/v2\/pages\/470"}],"collection":[{"href":"https:\/\/prevconsul.com.br\/index.php\/wp-json\/wp\/v2\/pages"}],"about":[{"href":"https:\/\/prevconsul.com.br\/index.php\/wp-json\/wp\/v2\/types\/page"}],"author":[{"embeddable":true,"href":"https:\/\/prevconsul.com.br\/index.php\/wp-json\/wp\/v2\/users\/1"}],"replies":[{"embeddable":true,"href":"https:\/\/prevconsul.com.br\/index.php\/wp-json\/wp\/v2\/comments?post=470"}],"version-history":[{"count":2,"href":"https:\/\/prevconsul.com.br\/index.php\/wp-json\/wp\/v2\/pages\/470\/revisions"}],"predecessor-version":[{"id":492,"href":"https:\/\/prevconsul.com.br\/index.php\/wp-json\/wp\/v2\/pages\/470\/revisions\/492"}],"wp:attachment":[{"href":"https:\/\/prevconsul.com.br\/index.php\/wp-json\/wp\/v2\/media?parent=470"}],"curies":[{"name":"wp","href":"https:\/\/api.w.org\/{rel}","templated":true}]}}