{"id":460,"date":"2021-08-20T18:28:13","date_gmt":"2021-08-20T21:28:13","guid":{"rendered":"http:\/\/prevconsul.com.br\/?page_id=460"},"modified":"2021-08-20T18:28:47","modified_gmt":"2021-08-20T21:28:47","slug":"aposentadoria-por-tempo-de-contribuicao","status":"publish","type":"page","link":"https:\/\/prevconsul.com.br\/index.php\/aposentadoria-por-tempo-de-contribuicao\/","title":{"rendered":"Aposentadoria por Tempo de Contribui\u00e7\u00e3o"},"content":{"rendered":"\n<p>A aposentadoria por tempo de contribui\u00e7\u00e3o \u00e9 um benef\u00edcio previdenci\u00e1rio concedido ao segurado que completar o tempo de contribui\u00e7\u00e3o social.<br>Por\u00e9m, foi extinta pela Reforma da Previd\u00eancia e s\u00f3 \u00e9 v\u00e1lida para quem tem direito adquirido e entra nas regras de transi\u00e7\u00e3o.<\/p>\n<!-- AddThis Advanced Settings generic via filter on the_content --><!-- AddThis Share Buttons generic via filter on the_content -->","protected":false},"excerpt":{"rendered":"<p>A aposentadoria por tempo de contribui\u00e7\u00e3o \u00e9 um benef\u00edcio previdenci\u00e1rio concedido ao segurado que completar o tempo de contribui\u00e7\u00e3o social.Por\u00e9m, foi extinta pela Reforma da Previd\u00eancia e s\u00f3 \u00e9 v\u00e1lida para quem tem direito adquirido e entra nas regras de transi\u00e7\u00e3o.<!-- AddThis Advanced Settings generic via filter on get_the_excerpt --><!-- AddThis Share Buttons generic via filter on get_the_excerpt --><\/p>\n","protected":false},"author":1,"featured_media":0,"parent":0,"menu_order":0,"comment_status":"closed","ping_status":"closed","template":"","meta":{"om_disable_all_campaigns":false,"_monsterinsights_skip_tracking":false,"_monsterinsights_sitenote_active":false,"_monsterinsights_sitenote_note":"","_monsterinsights_sitenote_category":0},"_links":{"self":[{"href":"https:\/\/prevconsul.com.br\/index.php\/wp-json\/wp\/v2\/pages\/460"}],"collection":[{"href":"https:\/\/prevconsul.com.br\/index.php\/wp-json\/wp\/v2\/pages"}],"about":[{"href":"https:\/\/prevconsul.com.br\/index.php\/wp-json\/wp\/v2\/types\/page"}],"author":[{"embeddable":true,"href":"https:\/\/prevconsul.com.br\/index.php\/wp-json\/wp\/v2\/users\/1"}],"replies":[{"embeddable":true,"href":"https:\/\/prevconsul.com.br\/index.php\/wp-json\/wp\/v2\/comments?post=460"}],"version-history":[{"count":2,"href":"https:\/\/prevconsul.com.br\/index.php\/wp-json\/wp\/v2\/pages\/460\/revisions"}],"predecessor-version":[{"id":462,"href":"https:\/\/prevconsul.com.br\/index.php\/wp-json\/wp\/v2\/pages\/460\/revisions\/462"}],"wp:attachment":[{"href":"https:\/\/prevconsul.com.br\/index.php\/wp-json\/wp\/v2\/media?parent=460"}],"curies":[{"name":"wp","href":"https:\/\/api.w.org\/{rel}","templated":true}]}}