{"id":446,"date":"2021-08-20T18:23:15","date_gmt":"2021-08-20T21:23:15","guid":{"rendered":"http:\/\/prevconsul.com.br\/?page_id=446"},"modified":"2021-08-20T18:23:16","modified_gmt":"2021-08-20T21:23:16","slug":"abono-25-na-aposentadoria-por-necessidades-de-acompanhamento","status":"publish","type":"page","link":"https:\/\/prevconsul.com.br\/index.php\/abono-25-na-aposentadoria-por-necessidades-de-acompanhamento\/","title":{"rendered":"Abono 25% na aposentadoria por necessidades de acompanhamento:"},"content":{"rendered":"\n<p>O acr\u00e9scimo de 25% do valor da aposentadoria, consiste em beneficiar os aposentados que necessitam de assist\u00eancia permanente de outra pessoa, ou seja, que precisam da assist\u00eancia de um acompanhante.<\/p>\n<!-- AddThis Advanced Settings generic via filter on the_content --><!-- AddThis Share Buttons generic via filter on the_content -->","protected":false},"excerpt":{"rendered":"<p>O acr\u00e9scimo de 25% do valor da aposentadoria, consiste em beneficiar os aposentados que necessitam de assist\u00eancia permanente de outra pessoa, ou seja, que precisam da assist\u00eancia de um acompanhante.<!-- AddThis Advanced Settings generic via filter on get_the_excerpt --><!-- AddThis Share Buttons generic via filter on get_the_excerpt --><\/p>\n","protected":false},"author":1,"featured_media":0,"parent":0,"menu_order":0,"comment_status":"closed","ping_status":"closed","template":"","meta":{"om_disable_all_campaigns":false,"_monsterinsights_skip_tracking":false,"_monsterinsights_sitenote_active":false,"_monsterinsights_sitenote_note":"","_monsterinsights_sitenote_category":0},"_links":{"self":[{"href":"https:\/\/prevconsul.com.br\/index.php\/wp-json\/wp\/v2\/pages\/446"}],"collection":[{"href":"https:\/\/prevconsul.com.br\/index.php\/wp-json\/wp\/v2\/pages"}],"about":[{"href":"https:\/\/prevconsul.com.br\/index.php\/wp-json\/wp\/v2\/types\/page"}],"author":[{"embeddable":true,"href":"https:\/\/prevconsul.com.br\/index.php\/wp-json\/wp\/v2\/users\/1"}],"replies":[{"embeddable":true,"href":"https:\/\/prevconsul.com.br\/index.php\/wp-json\/wp\/v2\/comments?post=446"}],"version-history":[{"count":1,"href":"https:\/\/prevconsul.com.br\/index.php\/wp-json\/wp\/v2\/pages\/446\/revisions"}],"predecessor-version":[{"id":447,"href":"https:\/\/prevconsul.com.br\/index.php\/wp-json\/wp\/v2\/pages\/446\/revisions\/447"}],"wp:attachment":[{"href":"https:\/\/prevconsul.com.br\/index.php\/wp-json\/wp\/v2\/media?parent=446"}],"curies":[{"name":"wp","href":"https:\/\/api.w.org\/{rel}","templated":true}]}}