{"id":118,"date":"2021-08-02T21:19:04","date_gmt":"2021-08-03T00:19:04","guid":{"rendered":"http:\/\/prevconsul.com.br\/?page_id=118"},"modified":"2021-08-24T22:06:54","modified_gmt":"2021-08-25T01:06:54","slug":"sobre-nos","status":"publish","type":"page","link":"https:\/\/prevconsul.com.br\/index.php\/sobre-nos\/","title":{"rendered":"Sobre N\u00f3s"},"content":{"rendered":"<div data-colibri-id=\"118-c1\" class=\"style-355 style-local-118-c1 position-relative\">\n  <!---->\n  <div data-colibri-component=\"section\" data-colibri-id=\"118-c2\" id=\"custom\" class=\"h-section h-section-global-spacing d-flex align-items-lg-center align-items-md-center align-items-center style-356 style-local-118-c2 position-relative\">\n    <!---->\n    <!---->\n    <div class=\"h-section-grid-container h-section-boxed-container\">\n      <!---->\n      <div data-colibri-id=\"118-c3\" class=\"h-row-container gutters-row-lg-2 gutters-row-md-2 gutters-row-0 gutters-row-v-lg-2 gutters-row-v-md-2 gutters-row-v-2 style-357 style-local-118-c3 position-relative\">\n        <!---->\n        <div class=\"h-row justify-content-lg-center justify-content-md-center justify-content-center align-items-lg-stretch align-items-md-stretch align-items-stretch gutters-col-lg-2 gutters-col-md-2 gutters-col-0 gutters-col-v-lg-2 gutters-col-v-md-2 gutters-col-v-2\">\n          <!---->\n          <div class=\"h-column h-column-container d-flex h-col-lg-auto h-col-md-auto h-col-auto style-358-outer style-local-118-c4-outer\">\n            <div data-colibri-id=\"118-c4\" class=\"d-flex h-flex-basis h-column__inner h-px-lg-2 h-px-md-2 h-px-2 v-inner-lg-2 v-inner-md-2 v-inner-2 style-358 style-local-118-c4 position-relative\">\n              <!---->\n              <!---->\n              <div class=\"w-100 h-y-container h-column__content h-column__v-align flex-basis-100 align-self-lg-start align-self-md-start align-self-start\">\n                <!---->\n                <div data-colibri-id=\"118-c5\" class=\"d-block style-360 style-local-118-c5 position-relative h-element\">\n                  <!---->\n                  <div class=\"h-image__frame-container-outer\">\n                    <div class=\"h-image__frame-container\">\n                      <!---->\n                      <!---->\n                      <img loading=\"lazy\" width=\"1269\" height=\"1269\" src=\"http:\/\/prevconsul.com.br\/wp-content\/uploads\/2021\/08\/cropped-cropped-cropped-cropped-cropped-cropped-idosos-grupo-de-amigos-1573584455003_v2_1920x1281-1-1.jpg\" class=\"wp-image-568 style-360-image style-local-118-c5-image\" srcset=\"https:\/\/prevconsul.com.br\/wp-content\/uploads\/2021\/08\/cropped-cropped-cropped-cropped-cropped-cropped-idosos-grupo-de-amigos-1573584455003_v2_1920x1281-1-1.jpg 1269w, https:\/\/prevconsul.com.br\/wp-content\/uploads\/2021\/08\/cropped-cropped-cropped-cropped-cropped-cropped-idosos-grupo-de-amigos-1573584455003_v2_1920x1281-1-1-300x300.jpg 300w, https:\/\/prevconsul.com.br\/wp-content\/uploads\/2021\/08\/cropped-cropped-cropped-cropped-cropped-cropped-idosos-grupo-de-amigos-1573584455003_v2_1920x1281-1-1-1024x1024.jpg 1024w, https:\/\/prevconsul.com.br\/wp-content\/uploads\/2021\/08\/cropped-cropped-cropped-cropped-cropped-cropped-idosos-grupo-de-amigos-1573584455003_v2_1920x1281-1-1-150x150.jpg 150w, https:\/\/prevconsul.com.br\/wp-content\/uploads\/2021\/08\/cropped-cropped-cropped-cropped-cropped-cropped-idosos-grupo-de-amigos-1573584455003_v2_1920x1281-1-1-768x768.jpg 768w\" sizes=\"(max-width: 1269px) 100vw, 1269px\" alt=\"\" \/>\n                      <div class=\"h-image__frame h-hide-lg h-hide-md h-hide-sm style-360-frameImage style-local-118-c5-frameImage\"><\/div>\n                    <\/div>\n                  <\/div>\n                <\/div>\n              <\/div>\n            <\/div>\n          <\/div>\n          <div class=\"h-column h-column-container d-flex h-col-lg-auto h-col-md-auto h-col-auto style-359-outer style-local-118-c6-outer\">\n            <div data-colibri-id=\"118-c6\" class=\"d-flex h-flex-basis h-column__inner h-px-lg-2 h-px-md-2 h-px-2 v-inner-lg-2 v-inner-md-2 v-inner-2 style-359 style-local-118-c6 position-relative\">\n              <!---->\n              <!---->\n              <div class=\"w-100 h-y-container h-column__content h-column__v-align flex-basis-100 align-self-lg-start align-self-md-start align-self-start\">\n                <!---->\n                <div data-colibri-id=\"118-c7\" class=\"h-text h-text-component style-361 style-local-118-c7 position-relative h-element\">\n                  <!---->\n                  <!---->\n                  <div class=\"\">\n                    <p>Somos uma empresa especializada em Consultoria Previdenci\u00e1ria, com atua\u00e7\u00e3o nos setores p\u00fablico e privado. Possu\u00edmos a expertise apropriada assessorando e orientando nas solu\u00e7\u00f5es que melhor se adequam \u00e0s necessidades de nossos clientes.<\/p>\n                    <p>Nosso compromisso principal \u00e9 priorizar a excel\u00eancia no atendimento de nossos clientes, personalizando e inovando, buscando assim maior satisfa\u00e7\u00e3o atrav\u00e9s de solu\u00e7\u00f5es eficazes e efetivas.<\/p>\n                    <p>A PREVCONSUL possui profissionais especializados e comprometidos. Nosso diferencial \u00e9 a contribui\u00e7\u00e3o para mudan\u00e7as positivas agindo com transpar\u00eancia, legitimando a confian\u00e7a, tendo como fundamentos o comprometimento, a efici\u00eancia\n                      e a \u00e9tica.<\/p>\n                    <p>Nosso principal objetivo \u00e9 o de sermos o socorro presente na hora da necessidade, buscando supri-las com comprometimento sempre focando no compromisso \u00e9tico, respons\u00e1vel e com alto padr\u00e3o de excel\u00eancia. O resultado deste trabalho de\n                      alt\u00edssimo n\u00edvel \u00e9 possuir um escrit\u00f3rio com atua\u00e7\u00e3o no \u00e2mbito previdenci\u00e1rio.<\/p>\n                  <\/div>\n                <\/div>\n              <\/div>\n            <\/div>\n          <\/div>\n        <\/div>\n      <\/div>\n    <\/div>\n  <\/div>\n<\/div><!-- AddThis Advanced Settings generic via filter on the_content --><!-- AddThis Share Buttons generic via filter on the_content -->","protected":false},"excerpt":{"rendered":"<p>Somos uma empresa especializada em Consultoria Previdenci\u00e1ria, com atua\u00e7\u00e3o nos setores p\u00fablico e privado. Possu\u00edmos a expertise apropriada assessorando e orientando nas solu\u00e7\u00f5es que melhor se adequam \u00e0s necessidades de nossos clientes. Nosso compromisso principal \u00e9 priorizar a excel\u00eancia no atendimento de nossos clientes, personalizando e inovando, buscando assim maior satisfa\u00e7\u00e3o atrav\u00e9s de solu\u00e7\u00f5es eficazes [&hellip;]<!-- AddThis Advanced Settings generic via filter on get_the_excerpt --><!-- AddThis Share Buttons generic via filter on get_the_excerpt --><\/p>\n","protected":false},"author":1,"featured_media":0,"parent":0,"menu_order":0,"comment_status":"closed","ping_status":"closed","template":"page-templates\/full-width-page.php","meta":{"om_disable_all_campaigns":false,"_monsterinsights_skip_tracking":false,"_monsterinsights_sitenote_active":false,"_monsterinsights_sitenote_note":"","_monsterinsights_sitenote_category":0},"_links":{"self":[{"href":"https:\/\/prevconsul.com.br\/index.php\/wp-json\/wp\/v2\/pages\/118"}],"collection":[{"href":"https:\/\/prevconsul.com.br\/index.php\/wp-json\/wp\/v2\/pages"}],"about":[{"href":"https:\/\/prevconsul.com.br\/index.php\/wp-json\/wp\/v2\/types\/page"}],"author":[{"embeddable":true,"href":"https:\/\/prevconsul.com.br\/index.php\/wp-json\/wp\/v2\/users\/1"}],"replies":[{"embeddable":true,"href":"https:\/\/prevconsul.com.br\/index.php\/wp-json\/wp\/v2\/comments?post=118"}],"version-history":[{"count":6,"href":"https:\/\/prevconsul.com.br\/index.php\/wp-json\/wp\/v2\/pages\/118\/revisions"}],"predecessor-version":[{"id":666,"href":"https:\/\/prevconsul.com.br\/index.php\/wp-json\/wp\/v2\/pages\/118\/revisions\/666"}],"wp:attachment":[{"href":"https:\/\/prevconsul.com.br\/index.php\/wp-json\/wp\/v2\/media?parent=118"}],"curies":[{"name":"wp","href":"https:\/\/api.w.org\/{rel}","templated":true}]}}